{"id":390,"date":"2020-06-04T11:26:06","date_gmt":"2020-06-04T11:26:06","guid":{"rendered":"http:\/\/slmg.com.tr\/?page_id=390"},"modified":"2020-12-07T17:29:28","modified_gmt":"2020-12-07T17:29:28","slug":"construction","status":"publish","type":"page","link":"https:\/\/slmg.com.tr\/tr\/construction\/","title":{"rendered":"\u0130n\u015faat"},"content":{"rendered":"<div data-elementor-type=\"wp-page\" data-elementor-id=\"390\" class=\"elementor elementor-390\" data-elementor-settings=\"[]\">\n\t\t\t\t\t\t<div class=\"elementor-inner\">\n\t\t\t\t\t\t\t<div class=\"elementor-section-wrap\">\n\t\t\t\t\t\t\t<section class=\"elementor-section elementor-top-section elementor-element elementor-element-97206cb elementor-section-boxed elementor-section-height-default elementor-section-height-default\" data-id=\"97206cb\" data-element_type=\"section\">\n\t\t\t\t\t\t<div class=\"elementor-container elementor-column-gap-default\">\n\t\t\t\t\t\t\t<div class=\"elementor-row\">\n\t\t\t\t\t<div class=\"elementor-column elementor-col-100 elementor-top-column elementor-element elementor-element-9c38988\" data-id=\"9c38988\" data-element_type=\"column\">\n\t\t\t<div class=\"elementor-column-wrap elementor-element-populated\">\n\t\t\t\t\t\t\t<div class=\"elementor-widget-wrap\">\n\t\t\t\t\t\t<div class=\"elementor-element elementor-element-3da38e6 elementor-widget elementor-widget-spacer\" data-id=\"3da38e6\" data-element_type=\"widget\" data-widget_type=\"spacer.default\">\n\t\t\t\t<div class=\"elementor-widget-container\">\n\t\t\t\t\t<div class=\"elementor-spacer\">\n\t\t\t<div class=\"elementor-spacer-inner\"><\/div>\n\t\t<\/div>\n\t\t\t\t<\/div>\n\t\t\t\t<\/div>\n\t\t\t\t\t\t<\/div>\n\t\t\t\t\t<\/div>\n\t\t<\/div>\n\t\t\t\t\t\t\t\t<\/div>\n\t\t\t\t\t<\/div>\n\t\t<\/section>\n\t\t\t\t<section class=\"elementor-section elementor-top-section elementor-element elementor-element-199239b elementor-hidden-tablet elementor-section-boxed elementor-section-height-default elementor-section-height-default\" data-id=\"199239b\" data-element_type=\"section\">\n\t\t\t\t\t\t<div class=\"elementor-container elementor-column-gap-extended\">\n\t\t\t\t\t\t\t<div class=\"elementor-row\">\n\t\t\t\t\t<div class=\"elementor-column elementor-col-33 elementor-top-column elementor-element elementor-element-342aa18\" data-id=\"342aa18\" data-element_type=\"column\">\n\t\t\t<div class=\"elementor-column-wrap elementor-element-populated\">\n\t\t\t\t\t\t\t<div class=\"elementor-widget-wrap\">\n\t\t\t\t\t\t<div class=\"elementor-element elementor-element-d370563 elementor-cta--layout-image-above elementor-cta--skin-classic elementor-animated-content elementor-widget elementor-widget-call-to-action\" data-id=\"d370563\" data-element_type=\"widget\" data-widget_type=\"call-to-action.default\">\n\t\t\t\t<div class=\"elementor-widget-container\">\n\t\t\t\t\t<div  class=\"elementor-cta\">\n\t\t\t\t\t<div class=\"elementor-cta__bg-wrapper\">\n\t\t\t\t<div class=\"elementor-cta__bg elementor-bg\" style=\"background-image: url(https:\/\/slmg.com.tr\/wp-content\/uploads\/2020\/07\/concrete-pumps-with-shadows-300x200.png);\"><\/div>\n\t\t\t\t<div class=\"elementor-cta__bg-overlay\"><\/div>\n\t\t\t<\/div>\n\t\t\t\t\t\t\t<div class=\"elementor-cta__content\">\n\t\t\t\t\n\t\t\t\t\t\t\t\t\t<h2 class=\"elementor-cta__title elementor-cta__content-item elementor-content-item\">\n\t\t\t\t\t\tSAB\u0130T BETON<br \/> POMPALARI\t\t\t\t\t<\/h2>\n\t\t\t\t\n\t\t\t\t\t\t\t\t\t<div class=\"elementor-cta__description elementor-cta__content-item elementor-content-item\">\n\t\t\t\t\t\t\u00c7e\u015fitli \u00e7\u0131k\u0131\u015f kapasitesi ve bas\u0131nc\u0131nda sabit beton pompalar\u0131. \t\t\t\t\t<\/div>\n\t\t\t\t\n\t\t\t\t\t\t\t\t\t<div class=\"elementor-cta__button-wrapper elementor-cta__content-item elementor-content-item\">\n\t\t\t\t\t<a class=\"elementor-cta__button elementor-button elementor-size-md\" href=\"https:\/\/slmg.com.tr\/tr\/our-products\/concrete-pumps\/\">\n\t\t\t\t\t\tDetaylar\t\t\t\t\t<\/a>\n\t\t\t\t\t<\/div>\n\t\t\t\t\t\t\t<\/div>\n\t\t\t\t\t\t<\/div>\n\t\t\t\t<\/div>\n\t\t\t\t<\/div>\n\t\t\t\t\t\t<\/div>\n\t\t\t\t\t<\/div>\n\t\t<\/div>\n\t\t\t\t<div class=\"elementor-column elementor-col-33 elementor-top-column elementor-element elementor-element-a8454c1\" data-id=\"a8454c1\" data-element_type=\"column\">\n\t\t\t<div class=\"elementor-column-wrap elementor-element-populated\">\n\t\t\t\t\t\t\t<div class=\"elementor-widget-wrap\">\n\t\t\t\t\t\t<div class=\"elementor-element elementor-element-46e2a5a elementor-cta--layout-image-above elementor-cta--skin-classic elementor-animated-content elementor-widget elementor-widget-call-to-action\" data-id=\"46e2a5a\" data-element_type=\"widget\" data-widget_type=\"call-to-action.default\">\n\t\t\t\t<div class=\"elementor-widget-container\">\n\t\t\t\t\t<div  class=\"elementor-cta\">\n\t\t\t\t\t<div class=\"elementor-cta__bg-wrapper\">\n\t\t\t\t<div class=\"elementor-cta__bg elementor-bg\" style=\"background-image: url(https:\/\/slmg.com.tr\/wp-content\/uploads\/2020\/07\/slmg_mechanicaldistributor-390x320.jpg);\"><\/div>\n\t\t\t\t<div class=\"elementor-cta__bg-overlay\"><\/div>\n\t\t\t<\/div>\n\t\t\t\t\t\t\t<div class=\"elementor-cta__content\">\n\t\t\t\t\n\t\t\t\t\t\t\t\t\t<h2 class=\"elementor-cta__title elementor-cta__content-item elementor-content-item\">\n\t\t\t\t\t\tMEKAN\u0130K \u00d6R\u00dcMCEK DA\u011eITICILAR\t\t\t\t\t<\/h2>\n\t\t\t\t\n\t\t\t\t\t\t\t\t\t<div class=\"elementor-cta__description elementor-cta__content-item elementor-content-item\">\n\t\t\t\t\t\tY\u00fcksek yap\u0131larda kullan\u0131lmak \u00fczere geli\u015ftirilen mekanik beton da\u011f\u0131t\u0131c\u0131lar.\t\t\t\t\t<\/div>\n\t\t\t\t\n\t\t\t\t\t\t\t\t\t<div class=\"elementor-cta__button-wrapper elementor-cta__content-item elementor-content-item\">\n\t\t\t\t\t<a class=\"elementor-cta__button elementor-button elementor-size-md\" href=\"https:\/\/slmg.com.tr\/tr\/concrete-distributor\/\">\n\t\t\t\t\t\tDetaylar\t\t\t\t\t<\/a>\n\t\t\t\t\t<\/div>\n\t\t\t\t\t\t\t<\/div>\n\t\t\t\t\t\t<\/div>\n\t\t\t\t<\/div>\n\t\t\t\t<\/div>\n\t\t\t\t\t\t<\/div>\n\t\t\t\t\t<\/div>\n\t\t<\/div>\n\t\t\t\t<div class=\"elementor-column elementor-col-33 elementor-top-column elementor-element elementor-element-10fd4f1\" data-id=\"10fd4f1\" data-element_type=\"column\">\n\t\t\t<div class=\"elementor-column-wrap elementor-element-populated\">\n\t\t\t\t\t\t\t<div class=\"elementor-widget-wrap\">\n\t\t\t\t\t\t<div class=\"elementor-element elementor-element-9d3c8fe elementor-cta--layout-image-above elementor-cta--skin-classic elementor-animated-content elementor-widget elementor-widget-call-to-action\" data-id=\"9d3c8fe\" data-element_type=\"widget\" data-widget_type=\"call-to-action.default\">\n\t\t\t\t<div class=\"elementor-widget-container\">\n\t\t\t\t\t<div  class=\"elementor-cta\">\n\t\t\t\t\t<div class=\"elementor-cta__bg-wrapper\">\n\t\t\t\t<div class=\"elementor-cta__bg elementor-bg\" style=\"background-image: url(https:\/\/slmg.com.tr\/wp-content\/uploads\/2020\/07\/crawler-type-shotcrete-pump.jpg);\"><\/div>\n\t\t\t\t<div class=\"elementor-cta__bg-overlay\"><\/div>\n\t\t\t<\/div>\n\t\t\t\t\t\t\t<div class=\"elementor-cta__content\">\n\t\t\t\t\n\t\t\t\t\t\t\t\t\t<h2 class=\"elementor-cta__title elementor-cta__content-item elementor-content-item\">\n\t\t\t\t\t\tBETON YERLE\u015eT\u0130RME BOMLARI\t\t\t\t\t<\/h2>\n\t\t\t\t\n\t\t\t\t\t\t\t\t\t<div class=\"elementor-cta__description elementor-cta__content-item elementor-content-item\">\n\t\t\t\t\t\t\u00dcretim a\u015famas\u0131nda. Daha fazla bilgi i\u00e7in bize ula\u015f\u0131n.\t\t\t\t\t<\/div>\n\t\t\t\t\n\t\t\t\t\t\t\t\t\t<div class=\"elementor-cta__button-wrapper elementor-cta__content-item elementor-content-item\">\n\t\t\t\t\t<a class=\"elementor-cta__button elementor-button elementor-size-md\">\n\t\t\t\t\t\tDetaylar\t\t\t\t\t<\/a>\n\t\t\t\t\t<\/div>\n\t\t\t\t\t\t\t<\/div>\n\t\t\t\t\t\t<\/div>\n\t\t\t\t<\/div>\n\t\t\t\t<\/div>\n\t\t\t\t\t\t<\/div>\n\t\t\t\t\t<\/div>\n\t\t<\/div>\n\t\t\t\t\t\t\t\t<\/div>\n\t\t\t\t\t<\/div>\n\t\t<\/section>\n\t\t\t\t<section class=\"elementor-section elementor-top-section elementor-element elementor-element-14a8b01 elementor-hidden-desktop elementor-hidden-phone elementor-section-boxed elementor-section-height-default elementor-section-height-default\" data-id=\"14a8b01\" data-element_type=\"section\">\n\t\t\t\t\t\t<div class=\"elementor-container elementor-column-gap-default\">\n\t\t\t\t\t\t\t<div class=\"elementor-row\">\n\t\t\t\t\t<div class=\"elementor-column elementor-col-100 elementor-top-column elementor-element elementor-element-8aafb8f\" data-id=\"8aafb8f\" data-element_type=\"column\">\n\t\t\t<div class=\"elementor-column-wrap elementor-element-populated\">\n\t\t\t\t\t\t\t<div class=\"elementor-widget-wrap\">\n\t\t\t\t\t\t<div class=\"elementor-element elementor-element-1f0f770 elementor-cta--layout-image-above elementor-cta--tablet-layout-image-left elementor-cta--skin-classic elementor-animated-content elementor-widget elementor-widget-call-to-action\" data-id=\"1f0f770\" data-element_type=\"widget\" data-widget_type=\"call-to-action.default\">\n\t\t\t\t<div class=\"elementor-widget-container\">\n\t\t\t\t\t<div  class=\"elementor-cta\">\n\t\t\t\t\t<div class=\"elementor-cta__bg-wrapper\">\n\t\t\t\t<div class=\"elementor-cta__bg elementor-bg\" style=\"background-image: url(https:\/\/slmg.com.tr\/wp-content\/uploads\/2020\/07\/bp30-300x200.jpg);\"><\/div>\n\t\t\t\t<div class=\"elementor-cta__bg-overlay\"><\/div>\n\t\t\t<\/div>\n\t\t\t\t\t\t\t<div class=\"elementor-cta__content\">\n\t\t\t\t\n\t\t\t\t\t\t\t\t\t<h2 class=\"elementor-cta__title elementor-cta__content-item elementor-content-item\">\n\t\t\t\t\t\tSAB\u0130T BETON<br \/> POMPALARI\t\t\t\t\t<\/h2>\n\t\t\t\t\n\t\t\t\t\t\t\t\t\t<div class=\"elementor-cta__description elementor-cta__content-item elementor-content-item\">\n\t\t\t\t\t\t\u00c7e\u015fitli \u00e7\u0131k\u0131\u015f kapasitesi ve bas\u0131nc\u0131nda sabit beton pompalar\u0131. \t\t\t\t\t<\/div>\n\t\t\t\t\n\t\t\t\t\t\t\t\t\t<div class=\"elementor-cta__button-wrapper elementor-cta__content-item elementor-content-item\">\n\t\t\t\t\t<a class=\"elementor-cta__button elementor-button elementor-size-md\" href=\"https:\/\/slmg.com.tr\/tr\/our-products\/concrete-pumps\/\">\n\t\t\t\t\t\tDetaylar\t\t\t\t\t<\/a>\n\t\t\t\t\t<\/div>\n\t\t\t\t\t\t\t<\/div>\n\t\t\t\t\t\t<\/div>\n\t\t\t\t<\/div>\n\t\t\t\t<\/div>\n\t\t\t\t<div class=\"elementor-element elementor-element-9fdc0d9 elementor-widget elementor-widget-spacer\" data-id=\"9fdc0d9\" data-element_type=\"widget\" data-widget_type=\"spacer.default\">\n\t\t\t\t<div class=\"elementor-widget-container\">\n\t\t\t\t\t<div class=\"elementor-spacer\">\n\t\t\t<div class=\"elementor-spacer-inner\"><\/div>\n\t\t<\/div>\n\t\t\t\t<\/div>\n\t\t\t\t<\/div>\n\t\t\t\t<div class=\"elementor-element elementor-element-af65c8c elementor-cta--layout-image-above elementor-cta--tablet-layout-image-left elementor-cta--skin-classic elementor-animated-content elementor-widget elementor-widget-call-to-action\" data-id=\"af65c8c\" data-element_type=\"widget\" data-widget_type=\"call-to-action.default\">\n\t\t\t\t<div class=\"elementor-widget-container\">\n\t\t\t\t\t<div  class=\"elementor-cta\">\n\t\t\t\t\t<div class=\"elementor-cta__bg-wrapper\">\n\t\t\t\t<div class=\"elementor-cta__bg elementor-bg\" style=\"background-image: url(https:\/\/slmg.com.tr\/wp-content\/uploads\/2020\/07\/orumcek-dagitici-300x300.jpg);\"><\/div>\n\t\t\t\t<div class=\"elementor-cta__bg-overlay\"><\/div>\n\t\t\t<\/div>\n\t\t\t\t\t\t\t<div class=\"elementor-cta__content\">\n\t\t\t\t\n\t\t\t\t\t\t\t\t\t<h2 class=\"elementor-cta__title elementor-cta__content-item elementor-content-item\">\n\t\t\t\t\t\tMEKAN\u0130K \u00d6R\u00dcMCEK DA\u011eITICILAR\t\t\t\t\t<\/h2>\n\t\t\t\t\n\t\t\t\t\t\t\t\t\t<div class=\"elementor-cta__description elementor-cta__content-item elementor-content-item\">\n\t\t\t\t\t\tY\u00fcksek yap\u0131larda kullan\u0131lmak \u00fczere geli\u015ftirilen mekanik beton da\u011f\u0131t\u0131c\u0131lar.\t\t\t\t\t<\/div>\n\t\t\t\t\n\t\t\t\t\t\t\t\t\t<div class=\"elementor-cta__button-wrapper elementor-cta__content-item elementor-content-item\">\n\t\t\t\t\t<a class=\"elementor-cta__button elementor-button elementor-size-md\" href=\"https:\/\/slmg.com.tr\/tr\/concrete-distributor\/\">\n\t\t\t\t\t\tDetaylar\t\t\t\t\t<\/a>\n\t\t\t\t\t<\/div>\n\t\t\t\t\t\t\t<\/div>\n\t\t\t\t\t\t<\/div>\n\t\t\t\t<\/div>\n\t\t\t\t<\/div>\n\t\t\t\t<div class=\"elementor-element elementor-element-4f0a202 elementor-widget elementor-widget-spacer\" data-id=\"4f0a202\" data-element_type=\"widget\" data-widget_type=\"spacer.default\">\n\t\t\t\t<div class=\"elementor-widget-container\">\n\t\t\t\t\t<div class=\"elementor-spacer\">\n\t\t\t<div class=\"elementor-spacer-inner\"><\/div>\n\t\t<\/div>\n\t\t\t\t<\/div>\n\t\t\t\t<\/div>\n\t\t\t\t<div class=\"elementor-element elementor-element-259222c elementor-cta--layout-image-above elementor-cta--tablet-layout-image-left elementor-cta--skin-classic elementor-animated-content elementor-widget elementor-widget-call-to-action\" data-id=\"259222c\" data-element_type=\"widget\" data-widget_type=\"call-to-action.default\">\n\t\t\t\t<div class=\"elementor-widget-container\">\n\t\t\t\t\t<div  class=\"elementor-cta\">\n\t\t\t\t\t<div class=\"elementor-cta__bg-wrapper\">\n\t\t\t\t<div class=\"elementor-cta__bg elementor-bg\" style=\"background-image: url(https:\/\/slmg.com.tr\/wp-content\/uploads\/2020\/07\/crawler-type-shotcrete-pump-300x300.jpg);\"><\/div>\n\t\t\t\t<div class=\"elementor-cta__bg-overlay\"><\/div>\n\t\t\t<\/div>\n\t\t\t\t\t\t\t<div class=\"elementor-cta__content\">\n\t\t\t\t\n\t\t\t\t\t\t\t\t\t<h2 class=\"elementor-cta__title elementor-cta__content-item elementor-content-item\">\n\t\t\t\t\t\tHYDRAULIC CONCRETE PUMPS\t\t\t\t\t<\/h2>\n\t\t\t\t\n\t\t\t\t\t\t\t\t\t<div class=\"elementor-cta__description elementor-cta__content-item elementor-content-item\">\n\t\t\t\t\t\t\u00dcretim a\u015famas\u0131nda. Daha fazla bilgi i\u00e7in bize ula\u015f\u0131n. \t\t\t\t\t<\/div>\n\t\t\t\t\n\t\t\t\t\t\t\t\t\t<div class=\"elementor-cta__button-wrapper elementor-cta__content-item elementor-content-item\">\n\t\t\t\t\t<a class=\"elementor-cta__button elementor-button elementor-size-md\" href=\"https:\/\/slmg.com.tr\/tr\/our-products\/concrete-pumps\/\">\n\t\t\t\t\t\tDetaylar\t\t\t\t\t<\/a>\n\t\t\t\t\t<\/div>\n\t\t\t\t\t\t\t<\/div>\n\t\t\t\t\t\t<\/div>\n\t\t\t\t<\/div>\n\t\t\t\t<\/div>\n\t\t\t\t\t\t<\/div>\n\t\t\t\t\t<\/div>\n\t\t<\/div>\n\t\t\t\t\t\t\t\t<\/div>\n\t\t\t\t\t<\/div>\n\t\t<\/section>\n\t\t\t\t<section class=\"elementor-section elementor-top-section elementor-element elementor-element-8b736db elementor-section-boxed elementor-section-height-default elementor-section-height-default\" data-id=\"8b736db\" data-element_type=\"section\">\n\t\t\t\t\t\t<div class=\"elementor-container elementor-column-gap-default\">\n\t\t\t\t\t\t\t<div class=\"elementor-row\">\n\t\t\t\t\t<div class=\"elementor-column elementor-col-100 elementor-top-column elementor-element elementor-element-1a5c824\" data-id=\"1a5c824\" data-element_type=\"column\">\n\t\t\t<div class=\"elementor-column-wrap elementor-element-populated\">\n\t\t\t\t\t\t\t<div class=\"elementor-widget-wrap\">\n\t\t\t\t\t\t<div class=\"elementor-element elementor-element-590a4d9 elementor-widget elementor-widget-spacer\" data-id=\"590a4d9\" data-element_type=\"widget\" data-widget_type=\"spacer.default\">\n\t\t\t\t<div class=\"elementor-widget-container\">\n\t\t\t\t\t<div class=\"elementor-spacer\">\n\t\t\t<div class=\"elementor-spacer-inner\"><\/div>\n\t\t<\/div>\n\t\t\t\t<\/div>\n\t\t\t\t<\/div>\n\t\t\t\t\t\t<\/div>\n\t\t\t\t\t<\/div>\n\t\t<\/div>\n\t\t\t\t\t\t\t\t<\/div>\n\t\t\t\t\t<\/div>\n\t\t<\/section>\n\t\t\t\t\t\t<\/div>\n\t\t\t\t\t\t<\/div>\n\t\t\t\t\t<\/div>","protected":false},"excerpt":{"rendered":"<p>STATIONARY CONCRETE PUMPS Stationary Concrete Pumps for various concrete outputs. Click Here MECHANICAL CONCRETE DISTRIBUTORS Concrete distributors for high-rise concrete applications. Click Here CONCRETE PLACING BOOMS Rolling out soon. Let us know if you have further questions. Click Here STATIONARY CONCRETE PUMPS Stationary Concrete Pumps for various concrete outputs. Click Here MECHANICAL CONCRETE DISTRIBUTORS Concrete [&hellip;]<\/p>","protected":false},"author":1,"featured_media":0,"parent":0,"menu_order":0,"comment_status":"closed","ping_status":"closed","template":"elementor_header_footer","meta":{"footnotes":""},"class_list":["post-390","page","type-page","status-publish","hentry"],"yoast_head":"<!-- This site is optimized with the Yoast SEO plugin v24.9 - https:\/\/yoast.com\/wordpress\/plugins\/seo\/ -->\n<title>Construction | SLMG<\/title>\n<meta name=\"description\" content=\"STATIONARY CONCRETE PUMPS Stationary Concrete Pumps for various concrete outputs. Click Here MECHANICAL CONCRETE DISTRIBUTORS Concrete distributors for\" \/>\n<meta name=\"robots\" content=\"index, follow, max-snippet:-1, max-image-preview:large, max-video-preview:-1\" \/>\n<link rel=\"canonical\" href=\"https:\/\/slmg.com.tr\/tr\/construction\/\" \/>\n<meta property=\"og:locale\" content=\"tr_TR\" \/>\n<meta property=\"og:type\" content=\"article\" \/>\n<meta property=\"og:title\" content=\"Construction | SLMG\" \/>\n<meta property=\"og:description\" content=\"STATIONARY CONCRETE PUMPS Stationary Concrete Pumps for various concrete outputs. Click Here MECHANICAL CONCRETE DISTRIBUTORS Concrete distributors for\" \/>\n<meta property=\"og:url\" content=\"https:\/\/slmg.com.tr\/tr\/construction\/\" \/>\n<meta property=\"og:site_name\" content=\"SLMG\" \/>\n<meta property=\"article:publisher\" content=\"https:\/\/www.facebook.com\/SLMG-175494619249228\" \/>\n<meta property=\"article:modified_time\" content=\"2020-12-07T17:29:28+00:00\" \/>\n<meta property=\"og:image\" content=\"https:\/\/slmg.com.tr\/wp-content\/uploads\/2020\/06\/Artboard-1.png\" \/>\n\t<meta property=\"og:image:width\" content=\"544\" \/>\n\t<meta property=\"og:image:height\" content=\"191\" \/>\n\t<meta property=\"og:image:type\" content=\"image\/png\" \/>\n<meta name=\"twitter:card\" content=\"summary_large_image\" \/>\n<script type=\"application\/ld+json\" class=\"yoast-schema-graph\">{\"@context\":\"https:\/\/schema.org\",\"@graph\":[{\"@type\":\"WebPage\",\"@id\":\"https:\/\/slmg.com.tr\/construction\/\",\"url\":\"https:\/\/slmg.com.tr\/construction\/\",\"name\":\"Construction | SLMG\",\"isPartOf\":{\"@id\":\"https:\/\/slmg.com.tr\/#website\"},\"datePublished\":\"2020-06-04T11:26:06+00:00\",\"dateModified\":\"2020-12-07T17:29:28+00:00\",\"description\":\"STATIONARY CONCRETE PUMPS Stationary Concrete Pumps for various concrete outputs. Click Here MECHANICAL CONCRETE DISTRIBUTORS Concrete distributors for\",\"breadcrumb\":{\"@id\":\"https:\/\/slmg.com.tr\/construction\/#breadcrumb\"},\"inLanguage\":\"tr\",\"potentialAction\":[{\"@type\":\"ReadAction\",\"target\":[\"https:\/\/slmg.com.tr\/construction\/\"]}]},{\"@type\":\"BreadcrumbList\",\"@id\":\"https:\/\/slmg.com.tr\/construction\/#breadcrumb\",\"itemListElement\":[{\"@type\":\"ListItem\",\"position\":1,\"name\":\"Home\",\"item\":\"https:\/\/slmg.com.tr\/\"},{\"@type\":\"ListItem\",\"position\":2,\"name\":\"Construction\"}]},{\"@type\":\"WebSite\",\"@id\":\"https:\/\/slmg.com.tr\/#website\",\"url\":\"https:\/\/slmg.com.tr\/\",\"name\":\"SLMG\",\"description\":\"Tunnel Technologies, Concrete and Underground Applications\",\"publisher\":{\"@id\":\"https:\/\/slmg.com.tr\/#organization\"},\"potentialAction\":[{\"@type\":\"SearchAction\",\"target\":{\"@type\":\"EntryPoint\",\"urlTemplate\":\"https:\/\/slmg.com.tr\/?s={search_term_string}\"},\"query-input\":{\"@type\":\"PropertyValueSpecification\",\"valueRequired\":true,\"valueName\":\"search_term_string\"}}],\"inLanguage\":\"tr\"},{\"@type\":\"Organization\",\"@id\":\"https:\/\/slmg.com.tr\/#organization\",\"name\":\"SLMG\",\"url\":\"https:\/\/slmg.com.tr\/\",\"logo\":{\"@type\":\"ImageObject\",\"inLanguage\":\"tr\",\"@id\":\"https:\/\/slmg.com.tr\/#\/schema\/logo\/image\/\",\"url\":\"https:\/\/slmg.com.tr\/wp-content\/uploads\/2020\/06\/Artboard-1.png\",\"contentUrl\":\"https:\/\/slmg.com.tr\/wp-content\/uploads\/2020\/06\/Artboard-1.png\",\"width\":544,\"height\":191,\"caption\":\"SLMG\"},\"image\":{\"@id\":\"https:\/\/slmg.com.tr\/#\/schema\/logo\/image\/\"},\"sameAs\":[\"https:\/\/www.facebook.com\/SLMG-175494619249228\"]}]}<\/script>\n<!-- \/ Yoast SEO plugin. -->","yoast_head_json":{"title":"Construction | SLMG","description":"STATIONARY CONCRETE PUMPS Stationary Concrete Pumps for various concrete outputs. Click Here MECHANICAL CONCRETE DISTRIBUTORS Concrete distributors for","robots":{"index":"index","follow":"follow","max-snippet":"max-snippet:-1","max-image-preview":"max-image-preview:large","max-video-preview":"max-video-preview:-1"},"canonical":"https:\/\/slmg.com.tr\/tr\/construction\/","og_locale":"tr_TR","og_type":"article","og_title":"Construction | SLMG","og_description":"STATIONARY CONCRETE PUMPS Stationary Concrete Pumps for various concrete outputs. Click Here MECHANICAL CONCRETE DISTRIBUTORS Concrete distributors for","og_url":"https:\/\/slmg.com.tr\/tr\/construction\/","og_site_name":"SLMG","article_publisher":"https:\/\/www.facebook.com\/SLMG-175494619249228","article_modified_time":"2020-12-07T17:29:28+00:00","og_image":[{"width":544,"height":191,"url":"https:\/\/slmg.com.tr\/wp-content\/uploads\/2020\/06\/Artboard-1.png","type":"image\/png"}],"twitter_card":"summary_large_image","schema":{"@context":"https:\/\/schema.org","@graph":[{"@type":"WebPage","@id":"https:\/\/slmg.com.tr\/construction\/","url":"https:\/\/slmg.com.tr\/construction\/","name":"Construction | SLMG","isPartOf":{"@id":"https:\/\/slmg.com.tr\/#website"},"datePublished":"2020-06-04T11:26:06+00:00","dateModified":"2020-12-07T17:29:28+00:00","description":"STATIONARY CONCRETE PUMPS Stationary Concrete Pumps for various concrete outputs. Click Here MECHANICAL CONCRETE DISTRIBUTORS Concrete distributors for","breadcrumb":{"@id":"https:\/\/slmg.com.tr\/construction\/#breadcrumb"},"inLanguage":"tr","potentialAction":[{"@type":"ReadAction","target":["https:\/\/slmg.com.tr\/construction\/"]}]},{"@type":"BreadcrumbList","@id":"https:\/\/slmg.com.tr\/construction\/#breadcrumb","itemListElement":[{"@type":"ListItem","position":1,"name":"Home","item":"https:\/\/slmg.com.tr\/"},{"@type":"ListItem","position":2,"name":"Construction"}]},{"@type":"WebSite","@id":"https:\/\/slmg.com.tr\/#website","url":"https:\/\/slmg.com.tr\/","name":"SLMG","description":"Tunnel Technologies, Concrete and Underground Applications","publisher":{"@id":"https:\/\/slmg.com.tr\/#organization"},"potentialAction":[{"@type":"SearchAction","target":{"@type":"EntryPoint","urlTemplate":"https:\/\/slmg.com.tr\/?s={search_term_string}"},"query-input":{"@type":"PropertyValueSpecification","valueRequired":true,"valueName":"search_term_string"}}],"inLanguage":"tr"},{"@type":"Organization","@id":"https:\/\/slmg.com.tr\/#organization","name":"SLMG","url":"https:\/\/slmg.com.tr\/","logo":{"@type":"ImageObject","inLanguage":"tr","@id":"https:\/\/slmg.com.tr\/#\/schema\/logo\/image\/","url":"https:\/\/slmg.com.tr\/wp-content\/uploads\/2020\/06\/Artboard-1.png","contentUrl":"https:\/\/slmg.com.tr\/wp-content\/uploads\/2020\/06\/Artboard-1.png","width":544,"height":191,"caption":"SLMG"},"image":{"@id":"https:\/\/slmg.com.tr\/#\/schema\/logo\/image\/"},"sameAs":["https:\/\/www.facebook.com\/SLMG-175494619249228"]}]}},"_links":{"self":[{"href":"https:\/\/slmg.com.tr\/tr\/wp-json\/wp\/v2\/pages\/390"}],"collection":[{"href":"https:\/\/slmg.com.tr\/tr\/wp-json\/wp\/v2\/pages"}],"about":[{"href":"https:\/\/slmg.com.tr\/tr\/wp-json\/wp\/v2\/types\/page"}],"author":[{"embeddable":true,"href":"https:\/\/slmg.com.tr\/tr\/wp-json\/wp\/v2\/users\/1"}],"replies":[{"embeddable":true,"href":"https:\/\/slmg.com.tr\/tr\/wp-json\/wp\/v2\/comments?post=390"}],"version-history":[{"count":3,"href":"https:\/\/slmg.com.tr\/tr\/wp-json\/wp\/v2\/pages\/390\/revisions"}],"predecessor-version":[{"id":2290,"href":"https:\/\/slmg.com.tr\/tr\/wp-json\/wp\/v2\/pages\/390\/revisions\/2290"}],"wp:attachment":[{"href":"https:\/\/slmg.com.tr\/tr\/wp-json\/wp\/v2\/media?parent=390"}],"curies":[{"name":"wp","href":"https:\/\/api.w.org\/{rel}","templated":true}]}}