{"id":1468,"date":"2020-08-05T11:25:31","date_gmt":"2020-08-05T11:25:31","guid":{"rendered":"https:\/\/slmg.com.tr\/?page_id=1468"},"modified":"2020-08-06T12:20:04","modified_gmt":"2020-08-06T12:20:04","slug":"technical-service","status":"publish","type":"page","link":"https:\/\/slmg.com.tr\/tr\/technical-service\/","title":{"rendered":"Teknik Servis"},"content":{"rendered":"<div data-elementor-type=\"wp-page\" data-elementor-id=\"1468\" class=\"elementor elementor-1468\" data-elementor-settings=\"[]\">\n\t\t\t\t\t\t<div class=\"elementor-inner\">\n\t\t\t\t\t\t\t<div class=\"elementor-section-wrap\">\n\t\t\t\t\t\t\t<section class=\"elementor-section elementor-top-section elementor-element elementor-element-ba06861 elementor-hidden-phone elementor-section-boxed elementor-section-height-default elementor-section-height-default\" data-id=\"ba06861\" data-element_type=\"section\">\n\t\t\t\t\t\t<div class=\"elementor-container elementor-column-gap-default\">\n\t\t\t\t\t\t\t<div class=\"elementor-row\">\n\t\t\t\t\t<div class=\"elementor-column elementor-col-100 elementor-top-column elementor-element elementor-element-47b4600\" data-id=\"47b4600\" data-element_type=\"column\">\n\t\t\t<div class=\"elementor-column-wrap elementor-element-populated\">\n\t\t\t\t\t\t\t<div class=\"elementor-widget-wrap\">\n\t\t\t\t\t\t<div class=\"elementor-element elementor-element-fc60c5f elementor-widget elementor-widget-spacer\" data-id=\"fc60c5f\" data-element_type=\"widget\" data-widget_type=\"spacer.default\">\n\t\t\t\t<div class=\"elementor-widget-container\">\n\t\t\t\t\t<div class=\"elementor-spacer\">\n\t\t\t<div class=\"elementor-spacer-inner\"><\/div>\n\t\t<\/div>\n\t\t\t\t<\/div>\n\t\t\t\t<\/div>\n\t\t\t\t\t\t<\/div>\n\t\t\t\t\t<\/div>\n\t\t<\/div>\n\t\t\t\t\t\t\t\t<\/div>\n\t\t\t\t\t<\/div>\n\t\t<\/section>\n\t\t\t\t<section class=\"elementor-section elementor-top-section elementor-element elementor-element-e9f2315 elementor-section-boxed elementor-section-height-default elementor-section-height-default\" data-id=\"e9f2315\" data-element_type=\"section\">\n\t\t\t\t\t\t\t<div class=\"elementor-background-overlay\"><\/div>\n\t\t\t\t\t\t\t<div class=\"elementor-container elementor-column-gap-default\">\n\t\t\t\t\t\t\t<div class=\"elementor-row\">\n\t\t\t\t\t<div class=\"elementor-column elementor-col-100 elementor-top-column elementor-element elementor-element-ec78548\" data-id=\"ec78548\" data-element_type=\"column\">\n\t\t\t<div class=\"elementor-column-wrap elementor-element-populated\">\n\t\t\t\t\t\t\t<div class=\"elementor-widget-wrap\">\n\t\t\t\t\t\t<div class=\"elementor-element elementor-element-90ef890 elementor-widget elementor-widget-heading\" data-id=\"90ef890\" data-element_type=\"widget\" data-widget_type=\"heading.default\">\n\t\t\t\t<div class=\"elementor-widget-container\">\n\t\t\t<h2 class=\"elementor-heading-title elementor-size-default\">SLMG TEKN\u0130K SERV\u0130S<\/h2>\t\t<\/div>\n\t\t\t\t<\/div>\n\t\t\t\t<div class=\"elementor-element elementor-element-b195397 elementor-widget-divider--view-line elementor-widget elementor-widget-divider\" data-id=\"b195397\" data-element_type=\"widget\" data-widget_type=\"divider.default\">\n\t\t\t\t<div class=\"elementor-widget-container\">\n\t\t\t\t\t<div class=\"elementor-divider\">\n\t\t\t<span class=\"elementor-divider-separator\">\n\t\t\t\t\t\t<\/span>\n\t\t<\/div>\n\t\t\t\t<\/div>\n\t\t\t\t<\/div>\n\t\t\t\t<div class=\"elementor-element elementor-element-f617841 elementor-widget elementor-widget-text-editor\" data-id=\"f617841\" data-element_type=\"widget\" data-widget_type=\"text-editor.default\">\n\t\t\t\t<div class=\"elementor-widget-container\">\n\t\t\t\t\t<div class=\"elementor-text-editor elementor-clearfix\"><p>\u0130n\u015faat makinalar\u0131 genel olarak \u00e7al\u0131\u015fma ko\u015fullar\u0131n\u0131ndan dolay\u0131 yo\u011fun y\u0131pranmaya maruz kal\u0131rlar. Bu nedenle periyodik aral\u0131klarla yap\u0131lan bak\u0131m, makina verimlili\u011fi ve \u00f6mr\u00fc a\u00e7\u0131s\u0131ndan \u00f6nemlidir. Teknik servisimizde hidrolik, mekanik ve elektrik fonksiyonlar test edilmekte, \u00e7al\u0131\u015fma s\u00fcreleri biten ve y\u0131pranan par\u00e7alar yenilenmektedir. Makina, g\u00fcvenlik ve fonksiyon kontrollerinden sonra teslim edilmektedir. Teknik servis konusunda sorular\u0131n\u0131z oldu\u011fu takdirde, bizimle service@slmg.com.tr e-mail adresinden ileti\u015fime ge\u00e7ebilirsiniz.<\/p><\/div>\n\t\t\t\t<\/div>\n\t\t\t\t<\/div>\n\t\t\t\t\t\t<\/div>\n\t\t\t\t\t<\/div>\n\t\t<\/div>\n\t\t\t\t\t\t\t\t<\/div>\n\t\t\t\t\t<\/div>\n\t\t<\/section>\n\t\t\t\t<section class=\"elementor-section elementor-top-section elementor-element elementor-element-2e2939e elementor-section-boxed elementor-section-height-default elementor-section-height-default\" data-id=\"2e2939e\" data-element_type=\"section\">\n\t\t\t\t\t\t\t<div class=\"elementor-background-overlay\"><\/div>\n\t\t\t\t\t\t\t<div class=\"elementor-container elementor-column-gap-default\">\n\t\t\t\t\t\t\t<div class=\"elementor-row\">\n\t\t\t\t\t<div class=\"elementor-column elementor-col-100 elementor-top-column elementor-element elementor-element-5e830fa\" data-id=\"5e830fa\" data-element_type=\"column\">\n\t\t\t<div class=\"elementor-column-wrap elementor-element-populated\">\n\t\t\t\t\t\t\t<div class=\"elementor-widget-wrap\">\n\t\t\t\t\t\t<div class=\"elementor-element elementor-element-9e9e1bd elementor-widget elementor-widget-spacer\" data-id=\"9e9e1bd\" data-element_type=\"widget\" data-widget_type=\"spacer.default\">\n\t\t\t\t<div class=\"elementor-widget-container\">\n\t\t\t\t\t<div class=\"elementor-spacer\">\n\t\t\t<div class=\"elementor-spacer-inner\"><\/div>\n\t\t<\/div>\n\t\t\t\t<\/div>\n\t\t\t\t<\/div>\n\t\t\t\t\t\t<\/div>\n\t\t\t\t\t<\/div>\n\t\t<\/div>\n\t\t\t\t\t\t\t\t<\/div>\n\t\t\t\t\t<\/div>\n\t\t<\/section>\n\t\t\t\t\t\t<\/div>\n\t\t\t\t\t\t<\/div>\n\t\t\t\t\t<\/div>","protected":false},"excerpt":{"rendered":"<p>SLMG TECHNICAL SERVICE Construction machines in general are exposed to many wearing conditions since they operate in tough environments. It is vitally important to\u00a0 check up concrete pumps periodically in order to extend machine lifespan and increase their efficiency. In our technical service, we closely inspect hydraulic, mechanical and electrical systems and their functioning. If [&hellip;]<\/p>","protected":false},"author":1,"featured_media":0,"parent":0,"menu_order":0,"comment_status":"closed","ping_status":"closed","template":"elementor_header_footer","meta":{"footnotes":""},"class_list":["post-1468","page","type-page","status-publish","hentry"],"yoast_head":"<!-- This site is optimized with the Yoast SEO plugin v24.9 - https:\/\/yoast.com\/wordpress\/plugins\/seo\/ -->\n<title>Technical Service | SLMG<\/title>\n<meta name=\"description\" content=\"SLMG TECHNICAL SERVICE Construction machines in general are exposed to many wearing conditions since they operate in tough environments. It is vitally\" \/>\n<meta name=\"robots\" content=\"index, follow, max-snippet:-1, max-image-preview:large, max-video-preview:-1\" \/>\n<link rel=\"canonical\" href=\"https:\/\/slmg.com.tr\/tr\/technical-service\/\" \/>\n<meta property=\"og:locale\" content=\"tr_TR\" \/>\n<meta property=\"og:type\" content=\"article\" \/>\n<meta property=\"og:title\" content=\"Technical Service | SLMG\" \/>\n<meta property=\"og:description\" content=\"SLMG TECHNICAL SERVICE Construction machines in general are exposed to many wearing conditions since they operate in tough environments. It is vitally\" \/>\n<meta property=\"og:url\" content=\"https:\/\/slmg.com.tr\/tr\/technical-service\/\" \/>\n<meta property=\"og:site_name\" content=\"SLMG\" \/>\n<meta property=\"article:publisher\" content=\"https:\/\/www.facebook.com\/SLMG-175494619249228\" \/>\n<meta property=\"article:modified_time\" content=\"2020-08-06T12:20:04+00:00\" \/>\n<meta property=\"og:image\" content=\"https:\/\/slmg.com.tr\/wp-content\/uploads\/2020\/06\/Artboard-1.png\" \/>\n\t<meta property=\"og:image:width\" content=\"544\" \/>\n\t<meta property=\"og:image:height\" content=\"191\" \/>\n\t<meta property=\"og:image:type\" content=\"image\/png\" \/>\n<meta name=\"twitter:card\" content=\"summary_large_image\" \/>\n<script type=\"application\/ld+json\" class=\"yoast-schema-graph\">{\"@context\":\"https:\/\/schema.org\",\"@graph\":[{\"@type\":\"WebPage\",\"@id\":\"https:\/\/slmg.com.tr\/technical-service\/\",\"url\":\"https:\/\/slmg.com.tr\/technical-service\/\",\"name\":\"Technical Service | SLMG\",\"isPartOf\":{\"@id\":\"https:\/\/slmg.com.tr\/#website\"},\"datePublished\":\"2020-08-05T11:25:31+00:00\",\"dateModified\":\"2020-08-06T12:20:04+00:00\",\"description\":\"SLMG TECHNICAL SERVICE Construction machines in general are exposed to many wearing conditions since they operate in tough environments. It is vitally\",\"breadcrumb\":{\"@id\":\"https:\/\/slmg.com.tr\/technical-service\/#breadcrumb\"},\"inLanguage\":\"tr\",\"potentialAction\":[{\"@type\":\"ReadAction\",\"target\":[\"https:\/\/slmg.com.tr\/technical-service\/\"]}]},{\"@type\":\"BreadcrumbList\",\"@id\":\"https:\/\/slmg.com.tr\/technical-service\/#breadcrumb\",\"itemListElement\":[{\"@type\":\"ListItem\",\"position\":1,\"name\":\"Home\",\"item\":\"https:\/\/slmg.com.tr\/\"},{\"@type\":\"ListItem\",\"position\":2,\"name\":\"Technical Service\"}]},{\"@type\":\"WebSite\",\"@id\":\"https:\/\/slmg.com.tr\/#website\",\"url\":\"https:\/\/slmg.com.tr\/\",\"name\":\"SLMG\",\"description\":\"Tunnel Technologies, Concrete and Underground Applications\",\"publisher\":{\"@id\":\"https:\/\/slmg.com.tr\/#organization\"},\"potentialAction\":[{\"@type\":\"SearchAction\",\"target\":{\"@type\":\"EntryPoint\",\"urlTemplate\":\"https:\/\/slmg.com.tr\/?s={search_term_string}\"},\"query-input\":{\"@type\":\"PropertyValueSpecification\",\"valueRequired\":true,\"valueName\":\"search_term_string\"}}],\"inLanguage\":\"tr\"},{\"@type\":\"Organization\",\"@id\":\"https:\/\/slmg.com.tr\/#organization\",\"name\":\"SLMG\",\"url\":\"https:\/\/slmg.com.tr\/\",\"logo\":{\"@type\":\"ImageObject\",\"inLanguage\":\"tr\",\"@id\":\"https:\/\/slmg.com.tr\/#\/schema\/logo\/image\/\",\"url\":\"https:\/\/slmg.com.tr\/wp-content\/uploads\/2020\/06\/Artboard-1.png\",\"contentUrl\":\"https:\/\/slmg.com.tr\/wp-content\/uploads\/2020\/06\/Artboard-1.png\",\"width\":544,\"height\":191,\"caption\":\"SLMG\"},\"image\":{\"@id\":\"https:\/\/slmg.com.tr\/#\/schema\/logo\/image\/\"},\"sameAs\":[\"https:\/\/www.facebook.com\/SLMG-175494619249228\"]}]}<\/script>\n<!-- \/ Yoast SEO plugin. -->","yoast_head_json":{"title":"Technical Service | SLMG","description":"SLMG TECHNICAL SERVICE Construction machines in general are exposed to many wearing conditions since they operate in tough environments. It is vitally","robots":{"index":"index","follow":"follow","max-snippet":"max-snippet:-1","max-image-preview":"max-image-preview:large","max-video-preview":"max-video-preview:-1"},"canonical":"https:\/\/slmg.com.tr\/tr\/technical-service\/","og_locale":"tr_TR","og_type":"article","og_title":"Technical Service | SLMG","og_description":"SLMG TECHNICAL SERVICE Construction machines in general are exposed to many wearing conditions since they operate in tough environments. It is vitally","og_url":"https:\/\/slmg.com.tr\/tr\/technical-service\/","og_site_name":"SLMG","article_publisher":"https:\/\/www.facebook.com\/SLMG-175494619249228","article_modified_time":"2020-08-06T12:20:04+00:00","og_image":[{"width":544,"height":191,"url":"https:\/\/slmg.com.tr\/wp-content\/uploads\/2020\/06\/Artboard-1.png","type":"image\/png"}],"twitter_card":"summary_large_image","schema":{"@context":"https:\/\/schema.org","@graph":[{"@type":"WebPage","@id":"https:\/\/slmg.com.tr\/technical-service\/","url":"https:\/\/slmg.com.tr\/technical-service\/","name":"Technical Service | SLMG","isPartOf":{"@id":"https:\/\/slmg.com.tr\/#website"},"datePublished":"2020-08-05T11:25:31+00:00","dateModified":"2020-08-06T12:20:04+00:00","description":"SLMG TECHNICAL SERVICE Construction machines in general are exposed to many wearing conditions since they operate in tough environments. It is vitally","breadcrumb":{"@id":"https:\/\/slmg.com.tr\/technical-service\/#breadcrumb"},"inLanguage":"tr","potentialAction":[{"@type":"ReadAction","target":["https:\/\/slmg.com.tr\/technical-service\/"]}]},{"@type":"BreadcrumbList","@id":"https:\/\/slmg.com.tr\/technical-service\/#breadcrumb","itemListElement":[{"@type":"ListItem","position":1,"name":"Home","item":"https:\/\/slmg.com.tr\/"},{"@type":"ListItem","position":2,"name":"Technical Service"}]},{"@type":"WebSite","@id":"https:\/\/slmg.com.tr\/#website","url":"https:\/\/slmg.com.tr\/","name":"SLMG","description":"Tunnel Technologies, Concrete and Underground Applications","publisher":{"@id":"https:\/\/slmg.com.tr\/#organization"},"potentialAction":[{"@type":"SearchAction","target":{"@type":"EntryPoint","urlTemplate":"https:\/\/slmg.com.tr\/?s={search_term_string}"},"query-input":{"@type":"PropertyValueSpecification","valueRequired":true,"valueName":"search_term_string"}}],"inLanguage":"tr"},{"@type":"Organization","@id":"https:\/\/slmg.com.tr\/#organization","name":"SLMG","url":"https:\/\/slmg.com.tr\/","logo":{"@type":"ImageObject","inLanguage":"tr","@id":"https:\/\/slmg.com.tr\/#\/schema\/logo\/image\/","url":"https:\/\/slmg.com.tr\/wp-content\/uploads\/2020\/06\/Artboard-1.png","contentUrl":"https:\/\/slmg.com.tr\/wp-content\/uploads\/2020\/06\/Artboard-1.png","width":544,"height":191,"caption":"SLMG"},"image":{"@id":"https:\/\/slmg.com.tr\/#\/schema\/logo\/image\/"},"sameAs":["https:\/\/www.facebook.com\/SLMG-175494619249228"]}]}},"_links":{"self":[{"href":"https:\/\/slmg.com.tr\/tr\/wp-json\/wp\/v2\/pages\/1468"}],"collection":[{"href":"https:\/\/slmg.com.tr\/tr\/wp-json\/wp\/v2\/pages"}],"about":[{"href":"https:\/\/slmg.com.tr\/tr\/wp-json\/wp\/v2\/types\/page"}],"author":[{"embeddable":true,"href":"https:\/\/slmg.com.tr\/tr\/wp-json\/wp\/v2\/users\/1"}],"replies":[{"embeddable":true,"href":"https:\/\/slmg.com.tr\/tr\/wp-json\/wp\/v2\/comments?post=1468"}],"version-history":[{"count":0,"href":"https:\/\/slmg.com.tr\/tr\/wp-json\/wp\/v2\/pages\/1468\/revisions"}],"wp:attachment":[{"href":"https:\/\/slmg.com.tr\/tr\/wp-json\/wp\/v2\/media?parent=1468"}],"curies":[{"name":"wp","href":"https:\/\/api.w.org\/{rel}","templated":true}]}}